{"id":39,"date":"2018-08-14T02:02:01","date_gmt":"2018-08-14T02:02:01","guid":{"rendered":"https:\/\/corporate.sgwpdemo.com\/?page_id=39"},"modified":"2019-09-10T11:13:01","modified_gmt":"2019-09-10T11:13:01","slug":"about","status":"publish","type":"page","link":"https:\/\/urban-0.com\/?page_id=39","title":{"rendered":"Nosotros"},"content":{"rendered":"\t\t<div data-elementor-type=\"wp-post\" data-elementor-id=\"39\" class=\"elementor elementor-39\">\n\t\t\t\t\t\t<section class=\"elementor-section elementor-top-section elementor-element elementor-element-15927acd elementor-section-boxed elementor-section-height-default elementor-section-height-default\" data-id=\"15927acd\" data-element_type=\"section\" data-settings=\"{&quot;background_background&quot;:&quot;classic&quot;}\">\n\t\t\t\t\t\t<div class=\"elementor-container elementor-column-gap-default\">\n\t\t\t\t\t<div class=\"elementor-column elementor-col-100 elementor-top-column elementor-element elementor-element-45b184fd\" data-id=\"45b184fd\" data-element_type=\"column\">\n\t\t\t<div class=\"elementor-widget-wrap elementor-element-populated\">\n\t\t\t\t\t\t<div class=\"elementor-element elementor-element-10c4aa99 elementor-widget elementor-widget-heading\" data-id=\"10c4aa99\" data-element_type=\"widget\" data-widget_type=\"heading.default\">\n\t\t\t\t<div class=\"elementor-widget-container\">\n\t\t\t\t\t<h2 class=\"elementor-heading-title elementor-size-default\">Nuestro concepto<\/h2>\t\t\t\t<\/div>\n\t\t\t\t<\/div>\n\t\t\t\t<div class=\"elementor-element elementor-element-5b6cf0cb elementor-widget-divider--view-line elementor-widget elementor-widget-divider\" data-id=\"5b6cf0cb\" data-element_type=\"widget\" data-widget_type=\"divider.default\">\n\t\t\t\t<div class=\"elementor-widget-container\">\n\t\t\t\t\t\t\t<div class=\"elementor-divider\">\n\t\t\t<span class=\"elementor-divider-separator\">\n\t\t\t\t\t\t<\/span>\n\t\t<\/div>\n\t\t\t\t\t\t<\/div>\n\t\t\t\t<\/div>\n\t\t\t\t<div class=\"elementor-element elementor-element-c3692f9 elementor-widget elementor-widget-text-editor\" data-id=\"c3692f9\" data-element_type=\"widget\" data-widget_type=\"text-editor.default\">\n\t\t\t\t<div class=\"elementor-widget-container\">\n\t\t\t\t\t\t\t\t\t<p id=\"tw-target-text\" class=\"tw-data-text tw-ta tw-text-small\" dir=\"ltr\" data-placeholder=\"Translation\"><span lang=\"es\" tabindex=\"0\">Somos un <em><strong>grupo de profesionales multidisciplinares<\/strong><\/em> con amplias capacidades en Urbanismo, Arquitectura, SmartCities, Big Data y Programaci\u00f3n.<\/span><\/p><p class=\"tw-data-text tw-ta tw-text-small\" dir=\"ltr\" data-placeholder=\"Translation\"><span lang=\"es\" tabindex=\"0\">Con el objetivo de <em><strong>proporcionar soluciones funcionales, adecuadas e innovadoras<\/strong><\/em> para el los clientes m\u00e1s exigentes que solo esperan lo mejor del mercado. <\/span><\/p><p class=\"tw-data-text tw-ta tw-text-small\" dir=\"ltr\" data-placeholder=\"Translation\"><span lang=\"es\" tabindex=\"0\">Creaci\u00f3n de proyectos para el desarrollo urbano y tecnol\u00f3gico de ciudades con el habitante como eje fundamental, dando respuesta de<em><strong> cohesi\u00f3n social, ambiental y funcional.<\/strong><\/em><\/span><\/p>\t\t\t\t\t\t\t\t<\/div>\n\t\t\t\t<\/div>\n\t\t\t\t<div class=\"elementor-element elementor-element-fef717c elementor-widget elementor-widget-image\" data-id=\"fef717c\" data-element_type=\"widget\" data-widget_type=\"image.default\">\n\t\t\t\t<div class=\"elementor-widget-container\">\n\t\t\t\t\t\t\t\t\t\t\t\t\t\t\t<img fetchpriority=\"high\" decoding=\"async\" width=\"640\" height=\"418\" src=\"https:\/\/urban-0.com\/wp-content\/uploads\/2019\/04\/team-3373638_640.jpg\" class=\"attachment-large size-large wp-image-197\" alt=\"\" srcset=\"https:\/\/urban-0.com\/wp-content\/uploads\/2019\/04\/team-3373638_640.jpg 640w, https:\/\/urban-0.com\/wp-content\/uploads\/2019\/04\/team-3373638_640-300x196.jpg 300w, https:\/\/urban-0.com\/wp-content\/uploads\/2019\/04\/team-3373638_640-600x392.jpg 600w\" sizes=\"(max-width: 640px) 100vw, 640px\" \/>\t\t\t\t\t\t\t\t\t\t\t\t\t\t\t<\/div>\n\t\t\t\t<\/div>\n\t\t\t\t\t<\/div>\n\t\t<\/div>\n\t\t\t\t\t<\/div>\n\t\t<\/section>\n\t\t\t\t<section class=\"elementor-section elementor-top-section elementor-element elementor-element-5053815 elementor-section-boxed elementor-section-height-default elementor-section-height-default\" data-id=\"5053815\" data-element_type=\"section\" data-settings=\"{&quot;background_background&quot;:&quot;classic&quot;}\">\n\t\t\t\t\t\t<div class=\"elementor-container elementor-column-gap-default\">\n\t\t\t\t\t<div class=\"elementor-column elementor-col-100 elementor-top-column elementor-element elementor-element-2275a42\" data-id=\"2275a42\" data-element_type=\"column\">\n\t\t\t<div class=\"elementor-widget-wrap elementor-element-populated\">\n\t\t\t\t\t\t<div class=\"elementor-element elementor-element-c6d1d36 elementor-widget elementor-widget-heading\" data-id=\"c6d1d36\" data-element_type=\"widget\" data-widget_type=\"heading.default\">\n\t\t\t\t<div class=\"elementor-widget-container\">\n\t\t\t\t\t<h2 class=\"elementor-heading-title elementor-size-default\">Nuestra enfoque<\/h2>\t\t\t\t<\/div>\n\t\t\t\t<\/div>\n\t\t\t\t<div class=\"elementor-element elementor-element-be7068b elementor-widget-divider--view-line elementor-widget elementor-widget-divider\" data-id=\"be7068b\" data-element_type=\"widget\" data-widget_type=\"divider.default\">\n\t\t\t\t<div class=\"elementor-widget-container\">\n\t\t\t\t\t\t\t<div class=\"elementor-divider\">\n\t\t\t<span class=\"elementor-divider-separator\">\n\t\t\t\t\t\t<\/span>\n\t\t<\/div>\n\t\t\t\t\t\t<\/div>\n\t\t\t\t<\/div>\n\t\t\t\t<div class=\"elementor-element elementor-element-4d3fc9f elementor-widget elementor-widget-text-editor\" data-id=\"4d3fc9f\" data-element_type=\"widget\" data-widget_type=\"text-editor.default\">\n\t\t\t\t<div class=\"elementor-widget-container\">\n\t\t\t\t\t\t\t\t\t<p><em><strong>Urban 0<\/strong><\/em> es una empresa que busca generar un <strong><em>entorno de trabajo din\u00e1mico e integrador<\/em><\/strong>, donde las personas se sientan en familia, apoyando su desarrollo personal y profesional, maximizando su potencial.<\/p><p>M\u00e1s all\u00e1 de la creaci\u00f3n y el desarrollo de proyectos integrales. Creando una <em><strong>filosof\u00eda<\/strong><\/em> de <em><strong>buenas pr\u00e1cticas y h\u00e1bitos<\/strong><\/em> creando procesos de <em><strong>excelencia con relaciones de trabajo estables<\/strong><\/em>.<\/p><p>Respondemos a las realidades de la <em><strong>visi\u00f3n global, resilientes, generando valor agregado<\/strong><\/em> que mejore su entorno y la calidad de vida este es nuestro objetivo.<br \/>La perspectiva de <em><strong>I+D+i<\/strong><\/em>, es lo que genera beneficios reales.<\/p>\t\t\t\t\t\t\t\t<\/div>\n\t\t\t\t<\/div>\n\t\t\t\t<div class=\"elementor-element elementor-element-c840221 elementor-widget elementor-widget-image\" data-id=\"c840221\" data-element_type=\"widget\" data-widget_type=\"image.default\">\n\t\t\t\t<div class=\"elementor-widget-container\">\n\t\t\t\t\t\t\t\t\t\t\t\t\t\t\t<img decoding=\"async\" width=\"640\" height=\"426\" src=\"https:\/\/urban-0.com\/wp-content\/uploads\/2019\/04\/business-2987962_640.jpg\" class=\"attachment-large size-large wp-image-196\" alt=\"\" srcset=\"https:\/\/urban-0.com\/wp-content\/uploads\/2019\/04\/business-2987962_640.jpg 640w, https:\/\/urban-0.com\/wp-content\/uploads\/2019\/04\/business-2987962_640-300x200.jpg 300w, https:\/\/urban-0.com\/wp-content\/uploads\/2019\/04\/business-2987962_640-600x399.jpg 600w\" sizes=\"(max-width: 640px) 100vw, 640px\" \/>\t\t\t\t\t\t\t\t\t\t\t\t\t\t\t<\/div>\n\t\t\t\t<\/div>\n\t\t\t\t\t<\/div>\n\t\t<\/div>\n\t\t\t\t\t<\/div>\n\t\t<\/section>\n\t\t\t\t<section class=\"elementor-section elementor-top-section elementor-element elementor-element-6701058d elementor-section-boxed elementor-section-height-default elementor-section-height-default\" data-id=\"6701058d\" data-element_type=\"section\" data-settings=\"{&quot;background_background&quot;:&quot;classic&quot;}\">\n\t\t\t\t\t\t<div class=\"elementor-container elementor-column-gap-default\">\n\t\t\t\t\t<div class=\"elementor-column elementor-col-100 elementor-top-column elementor-element elementor-element-156b45ca\" data-id=\"156b45ca\" data-element_type=\"column\">\n\t\t\t<div class=\"elementor-widget-wrap elementor-element-populated\">\n\t\t\t\t\t\t<div class=\"elementor-element elementor-element-4cd3f169 elementor-widget elementor-widget-heading\" data-id=\"4cd3f169\" data-element_type=\"widget\" data-widget_type=\"heading.default\">\n\t\t\t\t<div class=\"elementor-widget-container\">\n\t\t\t\t\t<h2 class=\"elementor-heading-title elementor-size-default\">Nosotros<\/h2>\t\t\t\t<\/div>\n\t\t\t\t<\/div>\n\t\t\t\t<div class=\"elementor-element elementor-element-234921d4 elementor-widget-divider--view-line elementor-widget elementor-widget-divider\" data-id=\"234921d4\" data-element_type=\"widget\" data-widget_type=\"divider.default\">\n\t\t\t\t<div class=\"elementor-widget-container\">\n\t\t\t\t\t\t\t<div class=\"elementor-divider\">\n\t\t\t<span class=\"elementor-divider-separator\">\n\t\t\t\t\t\t<\/span>\n\t\t<\/div>\n\t\t\t\t\t\t<\/div>\n\t\t\t\t<\/div>\n\t\t\t\t<section class=\"elementor-section elementor-inner-section elementor-element elementor-element-196d0ee elementor-section-boxed elementor-section-height-default elementor-section-height-default\" data-id=\"196d0ee\" data-element_type=\"section\">\n\t\t\t\t\t\t<div class=\"elementor-container elementor-column-gap-default\">\n\t\t\t\t\t<div class=\"elementor-column elementor-col-50 elementor-inner-column elementor-element elementor-element-df111d3\" data-id=\"df111d3\" data-element_type=\"column\">\n\t\t\t<div class=\"elementor-widget-wrap elementor-element-populated\">\n\t\t\t\t\t\t<div class=\"elementor-element elementor-element-201bce8 elementor-widget elementor-widget-wp-widget-ocean_about_me\" data-id=\"201bce8\" data-element_type=\"widget\" data-widget_type=\"wp-widget-ocean_about_me.default\">\n\t\t\t\t<div class=\"elementor-widget-container\">\n\t\t\t\t\t<h5>CEO<\/h5>\r\n\t\t\t<div class=\"oceanwp-about-me\">\r\n\r\n\t\t\t\t<div class=\"oceanwp-about-me-avatar clr\">\r\n\r\n\t\t\t\t\t\t\t\t\t\t\t<img decoding=\"async\" src=\"https:\/\/urban-0.com\/wp-content\/uploads\/2019\/04\/SAM_0805_edited.JPG.png\" alt=\"CEO\" \/>\r\n\t\t\t\t\t\t\t\t\t\t\t\t<h3 class=\"oceanwp-about-me-name\">Msc Arq Daniel M\u00fcller Bravo<\/h3>\r\n\t\t\t\t\t\r\n\t\t\t\t<\/div><!-- .oceanwp-about-me-avatar -->\r\n\r\n\t\t\t\t\t\t\t\t\t<div class=\"oceanwp-about-me-text clr\">Dise\u00f1ador y planificador de proyectos autosustentables e indicadores socioeconomicos, constructivos y tecnol\u00f3gicos<\/div>\r\n\t\t\t\t\t\r\n\t\t\t\t\t<ul class=\"oceanwp-about-me-social style-color\">\r\n\t\t\t\t\t\t<li class=\"linkedin\"><a href=\"http:\/\/www.linkedin.com\/in\/daniel-m\u00fcller-bravo-884a7bb4 \" aria-label=\"LinkedIn\" target=\"_blank\" rel=\"noopener noreferrer\"><i class=\" fab fa-linkedin\" aria-hidden=\"true\" role=\"img\"><\/i><\/a><span class=\"screen-reader-text\">Se abre en una nueva pesta\u00f1a<\/span><\/li>\r\n\t\t\t\t\t<\/ul>\r\n\r\n\t\t\t\t\r\n\t\t\t<\/div>\r\n\r\n\t\t\t\t\t\t\t<\/div>\n\t\t\t\t<\/div>\n\t\t\t\t\t<\/div>\n\t\t<\/div>\n\t\t\t\t<div class=\"elementor-column elementor-col-50 elementor-inner-column elementor-element elementor-element-bcd292f\" data-id=\"bcd292f\" data-element_type=\"column\">\n\t\t\t<div class=\"elementor-widget-wrap elementor-element-populated\">\n\t\t\t\t\t\t<div class=\"elementor-element elementor-element-8135db6 elementor-widget elementor-widget-wp-widget-ocean_about_me\" data-id=\"8135db6\" data-element_type=\"widget\" data-widget_type=\"wp-widget-ocean_about_me.default\">\n\t\t\t\t<div class=\"elementor-widget-container\">\n\t\t\t\t\t<h5>Developer<\/h5>\r\n\t\t\t<div class=\"oceanwp-about-me\">\r\n\r\n\t\t\t\t<div class=\"oceanwp-about-me-avatar clr\">\r\n\r\n\t\t\t\t\t\t\t\t\t\t\t<img decoding=\"async\" src=\"https:\/\/urban-0.com\/wp-content\/plugins\/ocean-extra\/assets\/img\/about-avatar.png\" alt=\"Developer\" \/>\r\n\t\t\t\t\t\t\t\t\t\t\t\t<h3 class=\"oceanwp-about-me-name\">msc ing Gonzalo M\u00fcller Bravo<\/h3>\r\n\t\t\t\t\t\r\n\t\t\t\t<\/div><!-- .oceanwp-about-me-avatar -->\r\n\r\n\t\t\t\t\t\t\t\t\t<div class=\"oceanwp-about-me-text clr\">Desarrollador de software en distintos lenguajes a trav\u00e9s de metodolog\u00edas \u00e1giles.<\/div>\r\n\t\t\t\t\t\r\n\t\t\t\t\t<ul class=\"oceanwp-about-me-social style-color\">\r\n\t\t\t\t\t\t\r\n\t\t\t\t\t<\/ul>\r\n\r\n\t\t\t\t\r\n\t\t\t<\/div>\r\n\r\n\t\t\t\t\t\t\t<\/div>\n\t\t\t\t<\/div>\n\t\t\t\t\t<\/div>\n\t\t<\/div>\n\t\t\t\t\t<\/div>\n\t\t<\/section>\n\t\t\t\t\t<\/div>\n\t\t<\/div>\n\t\t\t\t\t<\/div>\n\t\t<\/section>\n\t\t\t\t<\/div>\n\t\t","protected":false},"excerpt":{"rendered":"<p>Nuestro concepto Somos un grupo de profesionales multidisciplinares con amplias capacidades en Urbanismo, Arquitectura, SmartCities, Big Data y Programaci\u00f3n. Con el objetivo de proporcionar soluciones funcionales, adecuadas e innovadoras para el los clientes m\u00e1s exigentes que solo esperan lo mejor del mercado. Creaci\u00f3n de proyectos para el desarrollo urbano y tecnol\u00f3gico de ciudades con el [&hellip;]<\/p>\n","protected":false},"author":1,"featured_media":0,"parent":0,"menu_order":0,"comment_status":"closed","ping_status":"closed","template":"","meta":{"ocean_post_layout":"full-screen","ocean_both_sidebars_style":"","ocean_both_sidebars_content_width":0,"ocean_both_sidebars_sidebars_width":0,"ocean_sidebar":"0","ocean_second_sidebar":"0","ocean_disable_margins":"enable","ocean_add_body_class":"","ocean_shortcode_before_top_bar":"","ocean_shortcode_after_top_bar":"","ocean_shortcode_before_header":"","ocean_shortcode_after_header":"","ocean_has_shortcode":"","ocean_shortcode_after_title":"","ocean_shortcode_before_footer_widgets":"","ocean_shortcode_after_footer_widgets":"","ocean_shortcode_before_footer_bottom":"","ocean_shortcode_after_footer_bottom":"","ocean_display_top_bar":"default","ocean_display_header":"default","ocean_header_style":"","ocean_center_header_left_menu":"0","ocean_custom_header_template":"0","ocean_custom_logo":0,"ocean_custom_retina_logo":0,"ocean_custom_logo_max_width":0,"ocean_custom_logo_tablet_max_width":0,"ocean_custom_logo_mobile_max_width":0,"ocean_custom_logo_max_height":0,"ocean_custom_logo_tablet_max_height":0,"ocean_custom_logo_mobile_max_height":0,"ocean_header_custom_menu":"0","ocean_menu_typo_font_family":"0","ocean_menu_typo_font_subset":"","ocean_menu_typo_font_size":0,"ocean_menu_typo_font_size_tablet":0,"ocean_menu_typo_font_size_mobile":0,"ocean_menu_typo_font_size_unit":"px","ocean_menu_typo_font_weight":"","ocean_menu_typo_font_weight_tablet":"","ocean_menu_typo_font_weight_mobile":"","ocean_menu_typo_transform":"","ocean_menu_typo_transform_tablet":"","ocean_menu_typo_transform_mobile":"","ocean_menu_typo_line_height":0,"ocean_menu_typo_line_height_tablet":0,"ocean_menu_typo_line_height_mobile":0,"ocean_menu_typo_line_height_unit":"","ocean_menu_typo_spacing":0,"ocean_menu_typo_spacing_tablet":0,"ocean_menu_typo_spacing_mobile":0,"ocean_menu_typo_spacing_unit":"","ocean_menu_link_color":"","ocean_menu_link_color_hover":"","ocean_menu_link_color_active":"","ocean_menu_link_background":"","ocean_menu_link_hover_background":"","ocean_menu_link_active_background":"","ocean_menu_social_links_bg":"","ocean_menu_social_hover_links_bg":"","ocean_menu_social_links_color":"","ocean_menu_social_hover_links_color":"","ocean_disable_title":"enable","ocean_disable_heading":"enable","ocean_post_title":"","ocean_post_subheading":"","ocean_post_title_style":"default","ocean_post_title_background_color":"","ocean_post_title_background":0,"ocean_post_title_bg_image_position":"","ocean_post_title_bg_image_attachment":"","ocean_post_title_bg_image_repeat":"","ocean_post_title_bg_image_size":"","ocean_post_title_height":0,"ocean_post_title_bg_overlay":0.5,"ocean_post_title_bg_overlay_color":"","ocean_disable_breadcrumbs":"default","ocean_breadcrumbs_color":"","ocean_breadcrumbs_separator_color":"","ocean_breadcrumbs_links_color":"","ocean_breadcrumbs_links_hover_color":"","ocean_display_footer_widgets":"default","ocean_display_footer_bottom":"default","ocean_custom_footer_template":"0","footnotes":""},"class_list":["post-39","page","type-page","status-publish","hentry","entry"],"yoast_head":"<!-- This site is optimized with the Yoast SEO plugin v26.2 - https:\/\/yoast.com\/wordpress\/plugins\/seo\/ -->\n<title>Nosotros - Urban 0<\/title>\n<meta name=\"robots\" content=\"noindex, follow, max-snippet:-1, max-image-preview:large, max-video-preview:-1\" \/>\n<meta property=\"og:locale\" content=\"es_ES\" \/>\n<meta property=\"og:type\" content=\"article\" \/>\n<meta property=\"og:title\" content=\"Nosotros - Urban 0\" \/>\n<meta property=\"og:description\" content=\"Nuestro concepto Somos un grupo de profesionales multidisciplinares con amplias capacidades en Urbanismo, Arquitectura, SmartCities, Big Data y Programaci\u00f3n. Con el objetivo de proporcionar soluciones funcionales, adecuadas e innovadoras para el los clientes m\u00e1s exigentes que solo esperan lo mejor del mercado. Creaci\u00f3n de proyectos para el desarrollo urbano y tecnol\u00f3gico de ciudades con el [&hellip;]\" \/>\n<meta property=\"og:url\" content=\"https:\/\/urban-0.com\/?page_id=39\" \/>\n<meta property=\"og:site_name\" content=\"Urban 0\" \/>\n<meta property=\"article:modified_time\" content=\"2019-09-10T11:13:01+00:00\" \/>\n<meta property=\"og:image\" content=\"https:\/\/urban-0.com\/wp-content\/uploads\/2019\/04\/team-3373638_640.jpg\" \/>\n<meta name=\"twitter:card\" content=\"summary_large_image\" \/>\n<meta name=\"twitter:label1\" content=\"Tiempo de lectura\" \/>\n\t<meta name=\"twitter:data1\" content=\"1 minuto\" \/>\n<script type=\"application\/ld+json\" class=\"yoast-schema-graph\">{\"@context\":\"https:\/\/schema.org\",\"@graph\":[{\"@type\":\"WebPage\",\"@id\":\"https:\/\/urban-0.com\/?page_id=39\",\"url\":\"https:\/\/urban-0.com\/?page_id=39\",\"name\":\"Nosotros - Urban 0\",\"isPartOf\":{\"@id\":\"https:\/\/urban-0.com\/#website\"},\"primaryImageOfPage\":{\"@id\":\"https:\/\/urban-0.com\/?page_id=39#primaryimage\"},\"image\":{\"@id\":\"https:\/\/urban-0.com\/?page_id=39#primaryimage\"},\"thumbnailUrl\":\"https:\/\/urban-0.com\/wp-content\/uploads\/2019\/04\/team-3373638_640.jpg\",\"datePublished\":\"2018-08-14T02:02:01+00:00\",\"dateModified\":\"2019-09-10T11:13:01+00:00\",\"breadcrumb\":{\"@id\":\"https:\/\/urban-0.com\/?page_id=39#breadcrumb\"},\"inLanguage\":\"es\",\"potentialAction\":[{\"@type\":\"ReadAction\",\"target\":[\"https:\/\/urban-0.com\/?page_id=39\"]}]},{\"@type\":\"ImageObject\",\"inLanguage\":\"es\",\"@id\":\"https:\/\/urban-0.com\/?page_id=39#primaryimage\",\"url\":\"https:\/\/urban-0.com\/wp-content\/uploads\/2019\/04\/team-3373638_640.jpg\",\"contentUrl\":\"https:\/\/urban-0.com\/wp-content\/uploads\/2019\/04\/team-3373638_640.jpg\",\"width\":640,\"height\":418},{\"@type\":\"BreadcrumbList\",\"@id\":\"https:\/\/urban-0.com\/?page_id=39#breadcrumb\",\"itemListElement\":[{\"@type\":\"ListItem\",\"position\":1,\"name\":\"Home\",\"item\":\"https:\/\/urban-0.com\/\"},{\"@type\":\"ListItem\",\"position\":2,\"name\":\"Nosotros\"}]},{\"@type\":\"WebSite\",\"@id\":\"https:\/\/urban-0.com\/#website\",\"url\":\"https:\/\/urban-0.com\/\",\"name\":\"Urban 0\",\"description\":\"Observatorio de la Huella Urbana\",\"publisher\":{\"@id\":\"https:\/\/urban-0.com\/#organization\"},\"potentialAction\":[{\"@type\":\"SearchAction\",\"target\":{\"@type\":\"EntryPoint\",\"urlTemplate\":\"https:\/\/urban-0.com\/?s={search_term_string}\"},\"query-input\":{\"@type\":\"PropertyValueSpecification\",\"valueRequired\":true,\"valueName\":\"search_term_string\"}}],\"inLanguage\":\"es\"},{\"@type\":\"Organization\",\"@id\":\"https:\/\/urban-0.com\/#organization\",\"name\":\"Urban 0\",\"url\":\"https:\/\/urban-0.com\/\",\"logo\":{\"@type\":\"ImageObject\",\"inLanguage\":\"es\",\"@id\":\"https:\/\/urban-0.com\/#\/schema\/logo\/image\/\",\"url\":\"https:\/\/urban-0.com\/wp-content\/uploads\/2019\/04\/logo-verde-grande-copy-2-e1554723323670.png\",\"contentUrl\":\"https:\/\/urban-0.com\/wp-content\/uploads\/2019\/04\/logo-verde-grande-copy-2-e1554723323670.png\",\"width\":160,\"height\":160,\"caption\":\"Urban 0\"},\"image\":{\"@id\":\"https:\/\/urban-0.com\/#\/schema\/logo\/image\/\"}}]}<\/script>\n<!-- \/ Yoast SEO plugin. -->","yoast_head_json":{"title":"Nosotros - Urban 0","robots":{"index":"noindex","follow":"follow","max-snippet":"max-snippet:-1","max-image-preview":"max-image-preview:large","max-video-preview":"max-video-preview:-1"},"og_locale":"es_ES","og_type":"article","og_title":"Nosotros - Urban 0","og_description":"Nuestro concepto Somos un grupo de profesionales multidisciplinares con amplias capacidades en Urbanismo, Arquitectura, SmartCities, Big Data y Programaci\u00f3n. Con el objetivo de proporcionar soluciones funcionales, adecuadas e innovadoras para el los clientes m\u00e1s exigentes que solo esperan lo mejor del mercado. Creaci\u00f3n de proyectos para el desarrollo urbano y tecnol\u00f3gico de ciudades con el [&hellip;]","og_url":"https:\/\/urban-0.com\/?page_id=39","og_site_name":"Urban 0","article_modified_time":"2019-09-10T11:13:01+00:00","og_image":[{"url":"https:\/\/urban-0.com\/wp-content\/uploads\/2019\/04\/team-3373638_640.jpg","type":"","width":"","height":""}],"twitter_card":"summary_large_image","twitter_misc":{"Tiempo de lectura":"1 minuto"},"schema":{"@context":"https:\/\/schema.org","@graph":[{"@type":"WebPage","@id":"https:\/\/urban-0.com\/?page_id=39","url":"https:\/\/urban-0.com\/?page_id=39","name":"Nosotros - Urban 0","isPartOf":{"@id":"https:\/\/urban-0.com\/#website"},"primaryImageOfPage":{"@id":"https:\/\/urban-0.com\/?page_id=39#primaryimage"},"image":{"@id":"https:\/\/urban-0.com\/?page_id=39#primaryimage"},"thumbnailUrl":"https:\/\/urban-0.com\/wp-content\/uploads\/2019\/04\/team-3373638_640.jpg","datePublished":"2018-08-14T02:02:01+00:00","dateModified":"2019-09-10T11:13:01+00:00","breadcrumb":{"@id":"https:\/\/urban-0.com\/?page_id=39#breadcrumb"},"inLanguage":"es","potentialAction":[{"@type":"ReadAction","target":["https:\/\/urban-0.com\/?page_id=39"]}]},{"@type":"ImageObject","inLanguage":"es","@id":"https:\/\/urban-0.com\/?page_id=39#primaryimage","url":"https:\/\/urban-0.com\/wp-content\/uploads\/2019\/04\/team-3373638_640.jpg","contentUrl":"https:\/\/urban-0.com\/wp-content\/uploads\/2019\/04\/team-3373638_640.jpg","width":640,"height":418},{"@type":"BreadcrumbList","@id":"https:\/\/urban-0.com\/?page_id=39#breadcrumb","itemListElement":[{"@type":"ListItem","position":1,"name":"Home","item":"https:\/\/urban-0.com\/"},{"@type":"ListItem","position":2,"name":"Nosotros"}]},{"@type":"WebSite","@id":"https:\/\/urban-0.com\/#website","url":"https:\/\/urban-0.com\/","name":"Urban 0","description":"Observatorio de la Huella Urbana","publisher":{"@id":"https:\/\/urban-0.com\/#organization"},"potentialAction":[{"@type":"SearchAction","target":{"@type":"EntryPoint","urlTemplate":"https:\/\/urban-0.com\/?s={search_term_string}"},"query-input":{"@type":"PropertyValueSpecification","valueRequired":true,"valueName":"search_term_string"}}],"inLanguage":"es"},{"@type":"Organization","@id":"https:\/\/urban-0.com\/#organization","name":"Urban 0","url":"https:\/\/urban-0.com\/","logo":{"@type":"ImageObject","inLanguage":"es","@id":"https:\/\/urban-0.com\/#\/schema\/logo\/image\/","url":"https:\/\/urban-0.com\/wp-content\/uploads\/2019\/04\/logo-verde-grande-copy-2-e1554723323670.png","contentUrl":"https:\/\/urban-0.com\/wp-content\/uploads\/2019\/04\/logo-verde-grande-copy-2-e1554723323670.png","width":160,"height":160,"caption":"Urban 0"},"image":{"@id":"https:\/\/urban-0.com\/#\/schema\/logo\/image\/"}}]}},"_links":{"self":[{"href":"https:\/\/urban-0.com\/index.php?rest_route=\/wp\/v2\/pages\/39","targetHints":{"allow":["GET"]}}],"collection":[{"href":"https:\/\/urban-0.com\/index.php?rest_route=\/wp\/v2\/pages"}],"about":[{"href":"https:\/\/urban-0.com\/index.php?rest_route=\/wp\/v2\/types\/page"}],"author":[{"embeddable":true,"href":"https:\/\/urban-0.com\/index.php?rest_route=\/wp\/v2\/users\/1"}],"replies":[{"embeddable":true,"href":"https:\/\/urban-0.com\/index.php?rest_route=%2Fwp%2Fv2%2Fcomments&post=39"}],"version-history":[{"count":27,"href":"https:\/\/urban-0.com\/index.php?rest_route=\/wp\/v2\/pages\/39\/revisions"}],"predecessor-version":[{"id":315,"href":"https:\/\/urban-0.com\/index.php?rest_route=\/wp\/v2\/pages\/39\/revisions\/315"}],"wp:attachment":[{"href":"https:\/\/urban-0.com\/index.php?rest_route=%2Fwp%2Fv2%2Fmedia&parent=39"}],"curies":[{"name":"wp","href":"https:\/\/api.w.org\/{rel}","templated":true}]}}